{"id":8,"date":"2016-01-26T10:06:02","date_gmt":"2013-10-24T10:51:49","guid":{"rendered":"http:\/\/hierbabuena.fi\/fea\/?page_id=8"},"modified":"2026-04-07T17:38:31","modified_gmt":"2026-04-07T17:38:31","slug":"kalenteri","status":"publish","type":"page","link":"https:\/\/hierbabuena.fi\/fea\/kalenteri\/","title":{"rendered":"kalenteri"},"content":{"rendered":"\n<p>7.1.-27.5.2026 LIIKE VIRTAA -onlinetunnit <strong><a href=\"https:\/\/hierbabuena.fi\/fea\/liike_virtaa_kevat2026\/\" data-type=\"link\" data-id=\"https:\/\/hierbabuena.fi\/fea\/liike_virtaa_kevat2026\/\">kev\u00e4tkausi<\/a><\/strong>, mukaan voi tulla milloin vaan<\/p>\n\n\n\n<p>17.-19.4.2026 <strong><a href=\"https:\/\/www.flamencojyvaskyla.fi\/\">Flamencokurssit, Jyv\u00e4skyl\u00e4<\/a><\/strong><\/p>\n\n\n\n<p>25.-26.4.2026 Canela Dance Companyn koulutusprojektin <a href=\"https:\/\/hierbabuena.fi\/fea\/canela-dance-company-kouluttaa\/\" data-type=\"post\" data-id=\"6289\"><strong>johdantokurssi<\/strong><\/a><\/p>\n\n\n\n<p>28.-29.4.2026 <a href=\"https:\/\/www.facebook.com\/groups\/263563720095582\"><strong>Flamencokurssit, Vaasa<\/strong><\/a><\/p>\n\n\n\n<p>1.-7.6.2026 <a href=\"https:\/\/hierbabuena.fi\/fea\/flamencoretriittiin-paasiaisena-tai-kesan-alussa\/\"><strong>Flamencoretriitti<\/strong><\/a> Espanjassa<\/p>\n\n\n\n<p>11.-14.6.2026 Canela Dance Companyn koulutusprojekti, 1. moduuli <\/p>\n\n\n\n<p>6.-9.7.2026 LIIKE VIRTAA, kes\u00e4tiivarit<\/p>\n\n\n\n<p>13.-16.7.2026 LIIKE VIRTAA, kes\u00e4tiivarit<\/p>\n\n\n\n<p>20.-23.7.2026 LIIKE VIRTAA, kes\u00e4tiivarit<\/p>\n\n\n\n<p>***<\/p>\n\n\n\n<p>MUUTA: <\/p>\n\n\n\n<ul class=\"wp-block-list\">\n<li>Suomenkieliset videopohjaiset flamencotanssitunnit alkeista edistyneisiin \n<ul class=\"wp-block-list\">\n<li>verkkotunnit j\u00e4senyys: <a href=\"https:\/\/verkkotunnit.hierbabuena.fi\/uutta-jasentilaus\/\"><strong>Hierbabuena flamenco<\/strong><\/a><\/li>\n<\/ul>\n<\/li>\n<\/ul>\n\n\n\n<ul class=\"wp-block-list\">\n<li>Stressinpurku ja hermoston tasapainotus (TRE, Somatic Experiencing)\n<ul class=\"wp-block-list\">\n<li>varaus <a href=\"https:\/\/vello.fi\/hierbabuena\/\"><strong>vello.fi\/hierbabuena\/<\/strong><\/a> tai sopimuksen mukaan<\/li>\n<\/ul>\n<\/li>\n<\/ul>\n\n\n\n<p><\/p>\n","protected":false},"excerpt":{"rendered":"<p>7.1.-27.5.2026 LIIKE VIRTAA -onlinetunnit kev\u00e4tkausi, mukaan voi tulla milloin vaan 17.-19.4.2026 Flamencokurssit, Jyv\u00e4skyl\u00e4 25.-26.4.2026 Canela Dance Companyn koulutusprojektin johdantokurssi 28.-29.4.2026 Flamencokurssit, Vaasa 1.-7.6.2026 Flamencoretriitti Espanjassa 11.-14.6.2026 Canela Dance Companyn koulutusprojekti, 1. moduuli 6.-9.7.2026 LIIKE VIRTAA, kes\u00e4tiivarit 13.-16.7.2026 LIIKE VIRTAA, kes\u00e4tiivarit 20.-23.7.2026 LIIKE VIRTAA, kes\u00e4tiivarit *** MUUTA:<\/p>\n","protected":false},"author":1,"featured_media":0,"parent":0,"menu_order":0,"comment_status":"closed","ping_status":"closed","template":"","meta":{"footnotes":""},"class_list":["post-8","page","type-page","status-publish","hentry"],"_links":{"self":[{"href":"https:\/\/hierbabuena.fi\/fea\/wp-json\/wp\/v2\/pages\/8","targetHints":{"allow":["GET"]}}],"collection":[{"href":"https:\/\/hierbabuena.fi\/fea\/wp-json\/wp\/v2\/pages"}],"about":[{"href":"https:\/\/hierbabuena.fi\/fea\/wp-json\/wp\/v2\/types\/page"}],"author":[{"embeddable":true,"href":"https:\/\/hierbabuena.fi\/fea\/wp-json\/wp\/v2\/users\/1"}],"replies":[{"embeddable":true,"href":"https:\/\/hierbabuena.fi\/fea\/wp-json\/wp\/v2\/comments?post=8"}],"version-history":[{"count":449,"href":"https:\/\/hierbabuena.fi\/fea\/wp-json\/wp\/v2\/pages\/8\/revisions"}],"predecessor-version":[{"id":6323,"href":"https:\/\/hierbabuena.fi\/fea\/wp-json\/wp\/v2\/pages\/8\/revisions\/6323"}],"wp:attachment":[{"href":"https:\/\/hierbabuena.fi\/fea\/wp-json\/wp\/v2\/media?parent=8"}],"curies":[{"name":"wp","href":"https:\/\/api.w.org\/{rel}","templated":true}]}}