{"id":2,"date":"2015-05-03T11:55:38","date_gmt":"2015-05-03T11:55:38","guid":{"rendered":"http:\/\/hierbabuena.fi\/fea\/?page_id=2"},"modified":"2025-01-31T10:14:07","modified_gmt":"2025-01-31T10:14:07","slug":"taustaa","status":"publish","type":"page","link":"https:\/\/hierbabuena.fi\/fea\/taustaa\/","title":{"rendered":"Taustaa"},"content":{"rendered":"\n<p>Olen toiminut flamencotanssin kent\u00e4ll\u00e4 opettajana ja tanssijana kolmekymment\u00e4 vuotta eri puolilla Suomea sek\u00e4 Espanjassa, Ruotsissa, Virossa, ja Ven\u00e4j\u00e4ll\u00e4. Tanssijana minua kiinnostaa yht\u00e4 lailla niin perinteinen flamenco kuin nykyflamencokin. Koreografina tavoitteenani on tanssiteoksen luominen flamencoa liikekielen\u00e4 ja inspiraationa k\u00e4ytt\u00e4en, mutta usein perinteisen muodon ja tematiikan ulkopuolella seikkaillen. Opettaja painotan hyv\u00e4\u00e4 perustekniikkaa ja flamencon kielen tuntemista.<\/p>\n\n\n\n<p>T\u00f6ihini tanssijana ja koreografina voi tutustua kansiossa [<a href=\"https:\/\/hierbabuena.fi\/fea\/koreografiat\/\"><strong>TY\u00d6T<\/strong><\/a>] sek\u00e4 Vimeossa: <em>n\u00e4ytteit\u00e4 <a href=\"https:\/\/vimeo.com\/hierbabuena\" target=\"_blank\" rel=\"noopener noreferrer\"><strong>vimeosta<\/strong><\/a>. <\/em><\/p>\n\n\n\n<p>***<\/p>\n\n\n\n<p>Kiinnostus mielen ja kehon yhteyteen ja kehon sensomotoriseen voimavaraan on vienyt minut treenaamaan viime vuosina mm. joogaa, gaga-tekniikkaa, tre-metodia sek\u00e4 opiskelemaan psykologiaa Helsingin avoimessa yliopistossa. TRE\u00ae-ohjaajaksi valmistuin alkuvuodesta 2024. Syksyll\u00e4 2024 aloitin my\u00f6s Somatic Experiencing\u00ae opinnot.<\/p>\n\n\n\n<p>Kokemuksistani tanssijana ja erityisesti tarpeesta p\u00e4\u00e4st\u00e4 &#8221;askelien v\u00e4liin&#8221; sek\u00e4 viime vuosien opinnoista uutta intoa l\u00f6yt\u00e4en olen kehitt\u00e4nyt <strong>Liike virtaa<\/strong> konseptin, tanssitunnin, jossa rentouden kautta ja voimank\u00e4yt\u00f6n s\u00e4\u00e4tely\u00e4 opetellen liikutaan, tanssitaan omaan kehoon tutustuen ja kehoa kuunnellen. <\/p>\n\n\n\n<p>***<\/p>\n\n\n\n<p><strong>T<\/strong>aiteen ja opetusty\u00f6n ohessa olen toiminut<\/p>\n\n\n\n<ul class=\"wp-block-list\">\n<li>Helsingin Flamencofestivaalin taiteellisena johtajana yhdess\u00e4 Emilia Ahon ja Tove Djupsj\u00f6backan kanssa 2012-2014<\/li>\n\n\n\n<li>Helsingin Flamenco ry:n puheenjohtajana 1996-97 ja hallituksen j\u00e4senen\u00e4 1995<\/li>\n\n\n\n<li>ja ollut perustamassa \n<ul class=\"wp-block-list\">\n<li>Helsingin Flamencofestivaalia (1997)<\/li>\n\n\n\n<li>Flamingo &#8211; nykyflamencofestivaalia (2007, Canelan ja CKM:n yhteisty\u00f6) <\/li>\n\n\n\n<li>Arte Flamenco Helsinki -tapahtumaa (2015, yhdess\u00e4 Tove Djupsj\u00f6backan ja Joonas Wideniuksen kanssa).<\/li>\n<\/ul>\n<\/li>\n<\/ul>\n\n\n\n<p><em><strong>T<\/strong>ervetuloa flamencon, tanssin ja kehomielenhuollon pariin! <\/em><\/p>\n\n\n\n<pre class=\"wp-block-preformatted\"><em><span style=\"color: #000000;\">Erika Alaj\u00e4rvi<\/span><\/em><\/pre>\n\n\n\n<p><\/p>\n","protected":false},"excerpt":{"rendered":"<p>Olen toiminut flamencotanssin kent\u00e4ll\u00e4 opettajana ja tanssijana kolmekymment\u00e4 vuotta eri puolilla Suomea sek\u00e4 Espanjassa, Ruotsissa, Virossa, ja Ven\u00e4j\u00e4ll\u00e4. Tanssijana minua kiinnostaa yht\u00e4 lailla niin perinteinen flamenco kuin nykyflamencokin. Koreografina tavoitteenani on tanssiteoksen luominen flamencoa liikekielen\u00e4 ja inspiraationa k\u00e4ytt\u00e4en, mutta usein perinteisen muodon ja tematiikan ulkopuolella seikkaillen. Opettaja painotan hyv\u00e4\u00e4 perustekniikkaa ja flamencon kielen tuntemista. T\u00f6ihini [&hellip;]<\/p>\n","protected":false},"author":1,"featured_media":0,"parent":0,"menu_order":0,"comment_status":"closed","ping_status":"closed","template":"","meta":{"footnotes":""},"class_list":["post-2","page","type-page","status-publish","hentry"],"_links":{"self":[{"href":"https:\/\/hierbabuena.fi\/fea\/wp-json\/wp\/v2\/pages\/2","targetHints":{"allow":["GET"]}}],"collection":[{"href":"https:\/\/hierbabuena.fi\/fea\/wp-json\/wp\/v2\/pages"}],"about":[{"href":"https:\/\/hierbabuena.fi\/fea\/wp-json\/wp\/v2\/types\/page"}],"author":[{"embeddable":true,"href":"https:\/\/hierbabuena.fi\/fea\/wp-json\/wp\/v2\/users\/1"}],"replies":[{"embeddable":true,"href":"https:\/\/hierbabuena.fi\/fea\/wp-json\/wp\/v2\/comments?post=2"}],"version-history":[{"count":73,"href":"https:\/\/hierbabuena.fi\/fea\/wp-json\/wp\/v2\/pages\/2\/revisions"}],"predecessor-version":[{"id":5775,"href":"https:\/\/hierbabuena.fi\/fea\/wp-json\/wp\/v2\/pages\/2\/revisions\/5775"}],"wp:attachment":[{"href":"https:\/\/hierbabuena.fi\/fea\/wp-json\/wp\/v2\/media?parent=2"}],"curies":[{"name":"wp","href":"https:\/\/api.w.org\/{rel}","templated":true}]}}