{"id":1007,"date":"2015-05-03T11:55:38","date_gmt":"2015-05-03T11:55:38","guid":{"rendered":"http:\/\/hierbabuena.fi\/fea\/?page_id=1007"},"modified":"2024-05-24T07:40:21","modified_gmt":"2024-05-24T07:40:21","slug":"bailaora","status":"publish","type":"page","link":"https:\/\/hierbabuena.fi\/fea\/bailaora\/","title":{"rendered":"bailaora"},"content":{"rendered":"<p>Erika Alaj\u00e4rvi inicia sus estudios de danza (jazz ballet y danza moderna) <img loading=\"lazy\" decoding=\"async\" class=\"size-medium wp-image-2516 alignright\" src=\"https:\/\/hierbabuena.fi\/fea\/wp-content\/uploads\/2018\/07\/kastanjetit-JA-200x300.jpg\" alt=\"\" width=\"200\" height=\"300\" srcset=\"https:\/\/hierbabuena.fi\/fea\/wp-content\/uploads\/2018\/07\/kastanjetit-JA-200x300.jpg 200w, https:\/\/hierbabuena.fi\/fea\/wp-content\/uploads\/2018\/07\/kastanjetit-JA-400x600.jpg 400w, https:\/\/hierbabuena.fi\/fea\/wp-content\/uploads\/2018\/07\/kastanjetit-JA-150x225.jpg 150w, https:\/\/hierbabuena.fi\/fea\/wp-content\/uploads\/2018\/07\/kastanjetit-JA-100x150.jpg 100w, https:\/\/hierbabuena.fi\/fea\/wp-content\/uploads\/2018\/07\/kastanjetit-JA.jpg 425w\" sizes=\"auto, (max-width: 200px) 100vw, 200px\" \/>a los 13 a\u00f1os y a los 19 a\u00f1os comienza sus estudios de baile flamenco primero en Finlandia y despu\u00e9s en Madrid en el emblem\u00e1tico Centro de Arte Flamenco y Danza Espa\u00f1ola Amor de Dios y con varios maestros en Sevilla. Durante este extenso periodo formativo ha contado con reconocidos maestros como <em>Manuel Reyes, Andr\u00e9s Mar\u00edn, Bel\u00e9n Maya, Rafaela Carrasco, Israel Galv\u00e1n, Carmela Greco, Maria Magdalena, Inmaculada Ortega y Concha Jare\u00f1o <\/em>entre otros.<\/p>\n<p>Comienza a trabajar como bailaora en 1996 en distintos grupos y compagina este trabajo con el de profesora de baile flamenco en Helsinki (Finlandia) dando cursos adem\u00e1s en otras localidades como Tallin (Estonia), San Petersburgo (Rusia) y Madrid (Espa\u00f1a). En 1998 es aceptada como pedagoga de flamenco por The Union of Finnish Dance Artists. Sus coreograf\u00edas y bailes se han representado en teatros y festivales de Finlandia, Suecia\u00a0y Rusia.<\/p>\n<p><img loading=\"lazy\" decoding=\"async\" class=\"size-medium wp-image-2517 alignleft\" src=\"https:\/\/hierbabuena.fi\/fea\/wp-content\/uploads\/2018\/07\/llamada-JA-200x300.jpg\" alt=\"\" width=\"200\" height=\"300\" srcset=\"https:\/\/hierbabuena.fi\/fea\/wp-content\/uploads\/2018\/07\/llamada-JA-200x300.jpg 200w, https:\/\/hierbabuena.fi\/fea\/wp-content\/uploads\/2018\/07\/llamada-JA-150x225.jpg 150w, https:\/\/hierbabuena.fi\/fea\/wp-content\/uploads\/2018\/07\/llamada-JA-100x150.jpg 100w, https:\/\/hierbabuena.fi\/fea\/wp-content\/uploads\/2018\/07\/llamada-JA.jpg 397w\" sizes=\"auto, (max-width: 200px) 100vw, 200px\" \/>En 2001 funda la compa\u00f1\u00eda de danza Canela junto con <em>Anna Palmio y Annatuuli Saine<\/em>. Canela es conocido como pionera del nuevo flamenco en Finlandia. Centr\u00e1ndose en el flamenco y la danza contempor\u00e1nea la compa\u00f1\u00eda tiene como objetivos promocionar y difundir el flamenco como forma art\u00edstica propia y fusionar la danza con otras representaciones art\u00edsticas. El proyecto internacional m\u00e1s importante de Canela es el espect\u00e1culo &#8217;Serie Espa\u00f1ol&#8217;\u00a0una serie de cuatro coreograf\u00edas encargadas a los cuatro core\u00f3grafos m\u00e1s representativos del nuevo flamenco en Espa\u00f1a: <em>Bel\u00e9n Maya, Israel Galv\u00e1n, Rafaela Carrasco y Andr\u00e9s Mar\u00edn<\/em>. Adem\u00e1s del proyecto anterior Canela ha desarrollado y creado diversos solos y coreograf\u00edas para el grupo actuando en escenarios de Finlandia, Rusia, Suecia y Jap\u00f3n.<\/p>\n<p>Posteriormente vuelve a trabajar con temas propios montando espect\u00e1culos y coreograf\u00edas tanto para ella misma como para terceros. Lleva sus espect\u00e1culos <img loading=\"lazy\" decoding=\"async\" class=\"size-medium wp-image-2518 alignright\" src=\"https:\/\/hierbabuena.fi\/fea\/wp-content\/uploads\/2018\/07\/sola16-240x300.png\" alt=\"\" width=\"240\" height=\"300\" srcset=\"https:\/\/hierbabuena.fi\/fea\/wp-content\/uploads\/2018\/07\/sola16-240x300.png 240w, https:\/\/hierbabuena.fi\/fea\/wp-content\/uploads\/2018\/07\/sola16-400x500.png 400w, https:\/\/hierbabuena.fi\/fea\/wp-content\/uploads\/2018\/07\/sola16-430x538.png 430w, https:\/\/hierbabuena.fi\/fea\/wp-content\/uploads\/2018\/07\/sola16-150x188.png 150w, https:\/\/hierbabuena.fi\/fea\/wp-content\/uploads\/2018\/07\/sola16-100x125.png 100w, https:\/\/hierbabuena.fi\/fea\/wp-content\/uploads\/2018\/07\/sola16.png 496w\" sizes=\"auto, (max-width: 240px) 100vw, 240px\" \/>a varios teatros y festivales en Finlandia. En 2010 participa con <em>Memento<\/em> en el Festival Flamenco de Tampere y en el Manifesti, festival de danza en Turku. Al a\u00f1o siguiente est\u00e1 invitada como solista con espect\u00e1culo <em>\u00a1Adi\u00f3s Carmen!<\/em> en el Festival Flamenco de Helsinki y en el Manifesti, festival de danza en Turku con dos espect\u00e1culos <em>\u00a1Adi\u00f3s Carmen!<\/em> Y <em>Lonh<\/em><\/p>\n<p>En 2014 vuelve al escenario del Festival Flamenco de Tampere con el concierto <em>Aires del Sur y del Norte, <\/em>una colaboraci\u00f3n especial con la cantaora <em>Naike Ponce<\/em>, la guitarrista <em>Bettina Flater<\/em>, el percusionista <em>Iv\u00e1n Mellen<\/em> y la bailaora <em>Suvi-Maria Hel\u00edn<\/em>. Este mismo a\u00f1o baila en Madrid acompa\u00f1ado con el cante de <em>Pedro Sanz<\/em> y la guitarra de <em>Ernesto Bravo<\/em> compartiendo el escenario con la bailaora <em>Ang\u00e9lica Iglesias.<\/em><\/p>\n<p><img loading=\"lazy\" decoding=\"async\" class=\"size-medium wp-image-2519 alignleft\" src=\"https:\/\/hierbabuena.fi\/fea\/wp-content\/uploads\/2018\/07\/bamberasKaustinen-300x201.png\" alt=\"\" width=\"300\" height=\"201\" srcset=\"https:\/\/hierbabuena.fi\/fea\/wp-content\/uploads\/2018\/07\/bamberasKaustinen-300x201.png 300w, https:\/\/hierbabuena.fi\/fea\/wp-content\/uploads\/2018\/07\/bamberasKaustinen-750x502.png 750w, https:\/\/hierbabuena.fi\/fea\/wp-content\/uploads\/2018\/07\/bamberasKaustinen-400x268.png 400w, https:\/\/hierbabuena.fi\/fea\/wp-content\/uploads\/2018\/07\/bamberasKaustinen-430x288.png 430w, https:\/\/hierbabuena.fi\/fea\/wp-content\/uploads\/2018\/07\/bamberasKaustinen-150x100.png 150w, https:\/\/hierbabuena.fi\/fea\/wp-content\/uploads\/2018\/07\/bamberasKaustinen-100x67.png 100w, https:\/\/hierbabuena.fi\/fea\/wp-content\/uploads\/2018\/07\/bamberasKaustinen.png 765w\" sizes=\"auto, (max-width: 300px) 100vw, 300px\" \/>En 2016 monta un colectivo de cinco artistas flamencas que hoy d\u00eda se conoce con el nombre <a href=\"http:\/\/caminoflamenco.fi\">Camino Flamenco<\/a>. El primer proyecto <em>D\u00e9cadas \u2013 Fuerza flamenca<\/em> se estren\u00f3 en Estocolmo (Suecia)\u00a0en la primavera 2016.\u00a0Tras el\u00a0estreno, durante los \u00faltimos tres a\u00f1os,\u00a0el grupo ha recorrido\u00a0Finlandia desde el extremo sur del pa\u00eds hasta el norte, Laponia. Han actuado en\u00a0destacados\u00a0festivales como el\u00a0XX Festival Flamenco de Helsinki y\u00a0Kaustinen Folk Music Festival.<\/p>\n<p>En 2019 estrenan dos distintos espect\u00e1culos: <em>Jos kuulisit jonkun huokaavan<\/em> (<em>Si llega hasta t\u00ed un suspiro)<\/em> y <em>SPAIN IS&#8230; <\/em>Con el primero est\u00e1 invitado al Orient et Occident festival en Estonia con el \u00faltimo cuenta con Marta Jimenez como artista invitada, una colaboraci\u00f3n especial.<em><br \/>\n<\/em><\/p>\n<p>Aparte de su carrera como bailaora-bailarina y profesora de baile ha escrito varios art\u00edculos sobre flamenco y ha traducido letras flamencas en fin\u00e9s para LETRA, revista flamenca de la Pe\u00f1a Flamenca de Helsinki.<\/p>\n<p>En el periodo comprendido entre los a\u00f1os 1996 y 1997 ostentaba la presidencia de la Pe\u00f1a Flamenca de Helsinki y durante este periodo se celebraba el Festival Flamenco de Helsinki en su primera edici\u00f3n. Los a\u00f1os 2012 hasta 2014 trabajaba en la direcci\u00f3n art\u00edstica para el Festival Flamenco de Helsinki junto con Emilia Aho y Tove Djupsj\u00f6backa.<\/p>\n<h3>Espect\u00e1culos<\/h3>\n<ul>\n<li>\u00a1Adi\u00f3s Carmen!<\/li>\n<li>Aires del Sur y del Norte<\/li>\n<li>Al Golpe<\/li>\n<li>\u00a1Anda y toma!<\/li>\n<li>Animal triste<\/li>\n<li>Chispa<\/li>\n<li>De Coraz\u00f3n al Aire<\/li>\n<li><a href=\"http:\/\/www.caminoflamenco.fi\/espanol\/\">D\u00e9cadas &#8211; Fuerza flamenca \/ Camino Flamenco<\/a><\/li>\n<li>Dos Pasos<\/li>\n<li>En el medio de las flores<\/li>\n<li>Gaia<\/li>\n<li>Heijastuksia<\/li>\n<li>Jos kuulisit jonkun huokaavan<\/li>\n<li>Kaksikymment\u00e4<\/li>\n<li>Lonh<\/li>\n<li>Memento<\/li>\n<li>\u00a1Ol\u00e9!<\/li>\n<li>Siento<\/li>\n<li>Solo, a dos, a tres<\/li>\n<li>SPAIN IS&#8230;<\/li>\n<li>Women in Me<\/li>\n<li>7 Canciones<\/li>\n<\/ul>\n<h3>Festivales<\/h3>\n<ul>\n<li>Aino Ackt\u00e9 festival &#8211; <em>Kaksikymment\u00e4 2023<\/em><\/li>\n<li>XXIV Festival Flamenco de Helsinki 2023<\/li>\n<li>Aino Ackt\u00e9 festival &#8211; <em>Camino Flamenco 2022<\/em><\/li>\n<li>XXIII Festival Flamenco de Helsinki 2022<\/li>\n<li>Sibbe live! &#8211; <em>Jos kuulisit jonkun huokaavan \/ Si llega hasta t\u00ed un suspiro 2021<\/em><\/li>\n<li>XXII Festival Flamenco de Helsinki (Finlandia) <em>2020<\/em><\/li>\n<li>Aino Ackt\u00e9 festival &#8211; <em>Jos kuulisit jonkun huokaavan \/ Si llega hasta t\u00ed un suspiro 2019<\/em><\/li>\n<li>Orient et Occident old music festival, Tarto (Estonia) &#8211; <em>Jos kuulisit jonkun huokaavan \/ Si llega hasta t\u00ed un suspiro 2019<\/em><\/li>\n<li>XX Festival Flamenco de Helsinki (Finlandia) &#8211; <em>D\u00e9cadas &#8211; Fuerza Flamenco\u00a02018<\/em><\/li>\n<li>Kaustinen Folk Music Festival (Finlandia) &#8211; <em>D\u00e9cadas &#8211; Fuerza Flamenco 2017<\/em><\/li>\n<li>Tampere Flamenco Festival &#8211;<em> Mist\u00e4 flamencossa oikein lauletaan 2017<\/em><\/li>\n<li>Flamenco Fredag (Estocolmo, Suecia) &#8211; <em>D\u00e9cadas &#8211; Fuerza Flamenco 2016<\/em><\/li>\n<li>Tampere Flamenco Festival (Finlandia) &#8211; <em>Grupo Bettina Flater: Aires del Sur y del Norte 2014<\/em><\/li>\n<li>XV Festival Flamenco de Helsinki &#8211; <em>Milena Urmas: Naisia rytmih\u00e4iri\u00f6n partaalla 2012<\/em><\/li>\n<li>Manifesti &#8211; <em>Lonh , \u00a1Adi\u00f3s Carmen! 2011<\/em><\/li>\n<li>XIV Festival Flamenco de Helsinki &#8211; <em>\u00a1Adi\u00f3s Carmen! 2011<\/em><\/li>\n<li>Manifesti &#8211; <em>Memento, En el medio de las Flores\u00a02010<\/em><\/li>\n<li>Tampere Flamenco Festival &#8211; <em>Memento 2010<\/em><\/li>\n<li>XI Festival de Flamenco de Helsinki &#8211; <em>Gala 2008<\/em><\/li>\n<li>Time of Dance Festival (Finlandia) &#8211; <em>Canela 2007<\/em><\/li>\n<li>Flamingo &#8211; Festival de Flamenco Contempor\u00e1neo &#8211; <em>Canela 2007<\/em><\/li>\n<li>IX Festival Flamenco de Helsinki &#8211; <em>Ramon Maronier: Ganivet 2006<\/em><\/li>\n<li>I Nordic Flamenco festival (Estocolmo, Suecia) &#8211; <em>Sola (Cor. Rafaela Carrasco para Canela) 2005<\/em><\/li>\n<li>VIII Festival Flamenco de Helsinki &#8211; <em>Abstracci\u00f3n (Cor. de Andr\u00e9s Mar\u00edn para Canela) 2005<\/em><\/li>\n<li>Tampere Flamenco Festival (Finlandia) &#8211; <em>Canela 2004<\/em><\/li>\n<li>Argangelsk Internacional Dance Festival (Rusia)\u00a0&#8211; <em>Canela 2003<\/em><\/li>\n<li>VI Festival Flamenco de Helsinki &#8211; <em>Soniquete 2003<\/em><\/li>\n<li>V\u00a0Festival Flamenco de Helsinki (Finlandia) &#8211; <em>A Flor de Piel (Cor. Bel\u00e9n Maya para Canela), De Coraz\u00f3n al Aire 2002<\/em><\/li>\n<li>Manifesti (Finlandia) &#8211; <em>Anda y toma 2000<\/em><\/li>\n<li>Manifesti (Finlandia)\u00a0&#8211; <em>Al Golpe 1999<\/em><\/li>\n<li>I\u00a0Festival Flamenco de Helsinki (Finlandia) &#8211; <em>Flamenco de Finlandia 1997<\/em><\/li>\n<li>Tampere Flamenco festival &#8211; <em>Chispa 1997<\/em><\/li>\n<li>Kuopio Dance Festival &#8211; <em>Anna Blanca: Despertar 1996<\/em><\/li>\n<\/ul>\n<h3>En internet<\/h3>\n<p><a href=\"http:\/\/www.vimeo.com\/hierbabuena\">www.vimeo.com\/hierbabuena<\/a><\/p>\n<p><a href=\"https:\/\/www.facebook.com\/erika.alajarvi\">https:\/\/www.facebook.com\/erika.alajarvi<\/a><\/p>\n<p><a href=\"https:\/\/www.facebook.com\/Hierbabuenaflamenco\/\">https:\/\/www.facebook.com\/Hierbabuenaflamenco\/<\/a><\/p>\n<p><a href=\"http:\/\/caminoflamenco.fi\">Camino Flamenco<\/a><\/p>\n","protected":false},"excerpt":{"rendered":"<p>Erika Alaj\u00e4rvi inicia sus estudios de danza (jazz ballet y danza moderna) a los 13 a\u00f1os y a los 19 a\u00f1os comienza sus estudios de baile flamenco primero en Finlandia y despu\u00e9s en Madrid en el emblem\u00e1tico Centro de Arte Flamenco y Danza Espa\u00f1ola Amor de Dios y con varios maestros en Sevilla. Durante este [&hellip;]<\/p>\n","protected":false},"author":1,"featured_media":0,"parent":0,"menu_order":0,"comment_status":"closed","ping_status":"closed","template":"","meta":{"footnotes":""},"class_list":["post-1007","page","type-page","status-publish","hentry"],"_links":{"self":[{"href":"https:\/\/hierbabuena.fi\/fea\/wp-json\/wp\/v2\/pages\/1007","targetHints":{"allow":["GET"]}}],"collection":[{"href":"https:\/\/hierbabuena.fi\/fea\/wp-json\/wp\/v2\/pages"}],"about":[{"href":"https:\/\/hierbabuena.fi\/fea\/wp-json\/wp\/v2\/types\/page"}],"author":[{"embeddable":true,"href":"https:\/\/hierbabuena.fi\/fea\/wp-json\/wp\/v2\/users\/1"}],"replies":[{"embeddable":true,"href":"https:\/\/hierbabuena.fi\/fea\/wp-json\/wp\/v2\/comments?post=1007"}],"version-history":[{"count":16,"href":"https:\/\/hierbabuena.fi\/fea\/wp-json\/wp\/v2\/pages\/1007\/revisions"}],"predecessor-version":[{"id":5376,"href":"https:\/\/hierbabuena.fi\/fea\/wp-json\/wp\/v2\/pages\/1007\/revisions\/5376"}],"wp:attachment":[{"href":"https:\/\/hierbabuena.fi\/fea\/wp-json\/wp\/v2\/media?parent=1007"}],"curies":[{"name":"wp","href":"https:\/\/api.w.org\/{rel}","templated":true}]}}